{"id":5519,"date":"2024-08-16T08:22:52","date_gmt":"2024-08-16T08:22:52","guid":{"rendered":"https:\/\/laposadadelmar.com\/evenements\/"},"modified":"2025-06-24T07:01:10","modified_gmt":"2025-06-24T07:01:10","slug":"evenements","status":"publish","type":"page","link":"https:\/\/laposadadelmar.com\/fr\/evenements\/","title":{"rendered":"Organisez votre \u00e9v\u00e9nement en bord de mer dans notre h\u00f4tel \u00e0 D\u00e9nia"},"content":{"rendered":"","protected":false},"excerpt":{"rendered":"","protected":false},"author":2,"featured_media":0,"parent":0,"menu_order":0,"comment_status":"closed","ping_status":"closed","template":"","meta":{"_joinchat":[],"footnotes":""},"class_list":["post-5519","page","type-page","status-publish","hentry"],"_links":{"self":[{"href":"https:\/\/laposadadelmar.com\/fr\/wp-json\/wp\/v2\/pages\/5519","targetHints":{"allow":["GET"]}}],"collection":[{"href":"https:\/\/laposadadelmar.com\/fr\/wp-json\/wp\/v2\/pages"}],"about":[{"href":"https:\/\/laposadadelmar.com\/fr\/wp-json\/wp\/v2\/types\/page"}],"author":[{"embeddable":true,"href":"https:\/\/laposadadelmar.com\/fr\/wp-json\/wp\/v2\/users\/2"}],"replies":[{"embeddable":true,"href":"https:\/\/laposadadelmar.com\/fr\/wp-json\/wp\/v2\/comments?post=5519"}],"version-history":[{"count":2,"href":"https:\/\/laposadadelmar.com\/fr\/wp-json\/wp\/v2\/pages\/5519\/revisions"}],"predecessor-version":[{"id":7987,"href":"https:\/\/laposadadelmar.com\/fr\/wp-json\/wp\/v2\/pages\/5519\/revisions\/7987"}],"wp:attachment":[{"href":"https:\/\/laposadadelmar.com\/fr\/wp-json\/wp\/v2\/media?parent=5519"}],"curies":[{"name":"wp","href":"https:\/\/api.w.org\/{rel}","templated":true}]}}